{"id":2511,"date":"2022-08-03T16:09:41","date_gmt":"2022-08-03T14:09:41","guid":{"rendered":"https:\/\/xn--mv-bnnigheim-7ib.de\/new\/?page_id=2511"},"modified":"2025-12-20T12:57:25","modified_gmt":"2025-12-20T11:57:25","slug":"stadtkapelle-neu","status":"publish","type":"page","link":"https:\/\/xn--mv-bnnigheim-7ib.de\/new\/stadtkapelle-neu\/","title":{"rendered":"Stadtkapelle"},"content":{"rendered":"\n<div class=\"wp-block-cover alignfull\" style=\"min-height:380px;aspect-ratio:unset;\"><span aria-hidden=\"true\" class=\"wp-block-cover__background has-black-background-color has-background-dim-100 has-background-dim\"><\/span><div class=\"wp-block-cover__inner-container is-layout-flow wp-block-cover-is-layout-flow\">\n<h1 class=\"wp-block-heading has-text-align-center has-luminous-vivid-amber-color has-text-color\" style=\"font-style:italic;font-weight:100\">Stadtkapelle<\/h1>\n<\/div><\/div>\n\n\n\n<div class=\"wp-block-group alignfull has-ast-global-color-5-background-color has-background is-layout-constrained wp-block-group-is-layout-constrained\"><div class=\"wp-block-group__inner-container\">\n<div class=\"wp-block-group alignwide is-layout-constrained wp-block-group-is-layout-constrained\"><div class=\"wp-block-group__inner-container\">\n<p>Die Stadtkapelle ist das Herz des Musikvereins. Circa 70 aktive Musiker im Alter von 15 bis 75 Jahren verbindet in der Stadtkapelle die Begeisterung f\u00fcr das gemeinsame Musizieren. Das Ergebnis jahrelanger erfolgreicher Arbeit in den regionalen Bl\u00e4serklassen und der Musikschule B\u00f6nnigheims spiegelt sich hier wider.<\/p>\n\n\n\n<p>Seit 1990 steht das Orchester unter der bew\u00e4hrten Leitung von Rainer Falk, der f\u00fcr seine Verdienste um die st\u00e4dtische Musikschule und den Musikverein 2005 zum Stadtmusikdirektor ernannt worden ist. Sein Konzept der Bl\u00e4serklassen wird inzwischen landesweit kopiert.<\/p>\n\n\n\n<div class=\"wp-block-columns is-layout-flex wp-container-core-columns-is-layout-28f84493 wp-block-columns-is-layout-flex\">\n<div class=\"wp-block-column is-layout-flow wp-block-column-is-layout-flow\" style=\"flex-basis:66.66%\">\n<p>Bei zahlreichen Konzerten des Stadtorchesters steht stets das Ziel an oberster Stelle, Qualit\u00e4t und Pr\u00e4zision zu optimieren. So l\u00e4sst sich garantieren, dass allj\u00e4hrlich musikalische H\u00f6hepunkte gesetzt werden.<br>Das Repertoire ist vielf\u00e4ltig. Von Pop \u00fcber Klassik bis hin zu modernsten sinfonischen Fantasien. Die Blasmusikliteratur umfasst Arrangements der Mittel- bis H\u00f6chststufe und f\u00fchrt nicht selten zu G\u00e4nsehautmomenten.<\/p>\n\n\n\n<p>Jedes Jahr f\u00fcllen sich daher<br>\u2026 am Neujahrskonzert,<br>\u2026 an den Bl\u00e4serwelten,<br>\u2026 an der B\u00f6nnigheimer Nachtmusik,<br>\u2026 am Platzkonzert,<br>\u2026 am Herbstkonzert<br>\u2026 und an weiteren Konzerte (mehr hierzu unter \u201a<a href=\"https:\/\/xn--mv-bnnigheim-7ib.de\/new\/termine\/\" data-type=\"link\" data-id=\"https:\/\/xn--mv-bnnigheim-7ib.de\/new\/termine\/\">Termine<\/a>\u2018).<br>erneut die Konzertr\u00e4ume.<\/p>\n<\/div>\n\n\n\n<div class=\"wp-block-column is-layout-flow wp-block-column-is-layout-flow\" style=\"flex-basis:33.33%\">\n<figure class=\"wp-block-image size-full is-resized uag-hide-mob\"><img loading=\"lazy\" decoding=\"async\" width=\"2244\" height=\"2560\" src=\"https:\/\/xn--mv-bnnigheim-7ib.de\/new\/wp-content\/uploads\/2024\/08\/DSC9416_1-scaled.jpg\" alt=\"\" class=\"wp-image-2955\" style=\"width:309px;height:auto\" srcset=\"https:\/\/xn--mv-bnnigheim-7ib.de\/new\/wp-content\/uploads\/2024\/08\/DSC9416_1-scaled.jpg 2244w, https:\/\/xn--mv-bnnigheim-7ib.de\/new\/wp-content\/uploads\/2024\/08\/DSC9416_1-263x300.jpg 263w, https:\/\/xn--mv-bnnigheim-7ib.de\/new\/wp-content\/uploads\/2024\/08\/DSC9416_1-898x1024.jpg 898w, https:\/\/xn--mv-bnnigheim-7ib.de\/new\/wp-content\/uploads\/2024\/08\/DSC9416_1-768x876.jpg 768w, https:\/\/xn--mv-bnnigheim-7ib.de\/new\/wp-content\/uploads\/2024\/08\/DSC9416_1-1347x1536.jpg 1347w, https:\/\/xn--mv-bnnigheim-7ib.de\/new\/wp-content\/uploads\/2024\/08\/DSC9416_1-1796x2048.jpg 1796w\" sizes=\"auto, (max-width: 2244px) 100vw, 2244px\" \/><\/figure>\n<\/div>\n<\/div>\n\n\n\n<div style=\"height:50px\" aria-hidden=\"true\" class=\"wp-block-spacer\"><\/div>\n\n\n\n<p>Neben der Musik wird selbstverst\u00e4ndlich auch das gesellige Miteinander gepflegt, sei es bei gem\u00fctlichen Auskl\u00e4ngen nach den Proben, bei Probewochenenden oder bei einem Grillabend im Sommer.<\/p>\n\n\n\n<p>Wir freuen uns immer \u00fcber Verst\u00e4rkung jeden Alters. Z\u00f6gern Sie nicht und kommen Sie bei einer unserer Proben freitagabends von 19:30 Uhr bis 21:30 Uhr vorbei oder informieren Sie sich beim Vorstand oder dem Dirigenten.<\/p>\n<\/div><\/div>\n\n\n\n<div style=\"height:100px\" aria-hidden=\"true\" class=\"wp-block-spacer\"><\/div>\n<\/div><\/div>\n\n\n\n<p><\/p>\n","protected":false},"excerpt":{"rendered":"<p>Die Stadtkapelle ist das Herz des Musikvereins. Circa 70 aktive Musiker im Alter von 15 bis 75 Jahren verbindet in der Stadtkapelle die Begeisterung f\u00fcr das gemeinsame Musizieren. Das Ergebnis jahrelanger erfolgreicher Arbeit in den regionalen Bl\u00e4serklassen und der Musikschule B\u00f6nnigheims spiegelt sich hier wider. Seit 1990 steht das Orchester unter der bew\u00e4hrten Leitung von [&hellip;]<\/p>\n","protected":false},"author":1,"featured_media":0,"parent":0,"menu_order":0,"comment_status":"closed","ping_status":"closed","template":"","meta":{"_uag_custom_page_level_css":"","_monsterinsights_skip_tracking":false,"_monsterinsights_sitenote_active":false,"_monsterinsights_sitenote_note":"","_monsterinsights_sitenote_category":0,"site-sidebar-layout":"default","site-content-layout":"plain-container","ast-site-content-layout":"normal-width-container","site-content-style":"unboxed","site-sidebar-style":"unboxed","ast-global-header-display":"","ast-banner-title-visibility":"","ast-main-header-display":"","ast-hfb-above-header-display":"","ast-hfb-below-header-display":"","ast-hfb-mobile-header-display":"","site-post-title":"disabled","ast-breadcrumbs-content":"","ast-featured-img":"","footer-sml-layout":"","ast-disable-related-posts":"","theme-transparent-header-meta":"","adv-header-id-meta":"","stick-header-meta":"","header-above-stick-meta":"","header-main-stick-meta":"","header-below-stick-meta":"","astra-migrate-meta-layouts":"set","ast-page-background-enabled":"default","ast-page-background-meta":{"desktop":{"background-color":"","background-image":"","background-repeat":"repeat","background-position":"center center","background-size":"auto","background-attachment":"scroll","background-type":"","background-media":"","overlay-type":"","overlay-color":"","overlay-opacity":"","overlay-gradient":""},"tablet":{"background-color":"","background-image":"","background-repeat":"repeat","background-position":"center center","background-size":"auto","background-attachment":"scroll","background-type":"","background-media":"","overlay-type":"","overlay-color":"","overlay-opacity":"","overlay-gradient":""},"mobile":{"background-color":"","background-image":"","background-repeat":"repeat","background-position":"center center","background-size":"auto","background-attachment":"scroll","background-type":"","background-media":"","overlay-type":"","overlay-color":"","overlay-opacity":"","overlay-gradient":""}},"ast-content-background-meta":{"desktop":{"background-color":"var(--ast-global-color-5)","background-image":"","background-repeat":"repeat","background-position":"center center","background-size":"auto","background-attachment":"scroll","background-type":"","background-media":"","overlay-type":"","overlay-color":"","overlay-opacity":"","overlay-gradient":""},"tablet":{"background-color":"var(--ast-global-color-5)","background-image":"","background-repeat":"repeat","background-position":"center center","background-size":"auto","background-attachment":"scroll","background-type":"","background-media":"","overlay-type":"","overlay-color":"","overlay-opacity":"","overlay-gradient":""},"mobile":{"background-color":"var(--ast-global-color-5)","background-image":"","background-repeat":"repeat","background-position":"center center","background-size":"auto","background-attachment":"scroll","background-type":"","background-media":"","overlay-type":"","overlay-color":"","overlay-opacity":"","overlay-gradient":""}},"footnotes":""},"class_list":["post-2511","page","type-page","status-publish","hentry"],"uagb_featured_image_src":{"full":false,"thumbnail":false,"medium":false,"medium_large":false,"large":false,"thumblist":false,"meccarouselthumb":false,"gridsquare":false,"tileview":false,"1536x1536":false,"2048x2048":false,"ultp_layout_landscape_large":false,"ultp_layout_landscape":false,"ultp_layout_portrait":false,"ultp_layout_square":false},"uagb_author_info":{"display_name":"admin","author_link":"https:\/\/xn--mv-bnnigheim-7ib.de\/new\/author\/admin\/"},"uagb_comment_info":0,"uagb_excerpt":"Die Stadtkapelle ist das Herz des Musikvereins. Circa 70 aktive Musiker im Alter von 15 bis 75 Jahren verbindet in der Stadtkapelle die Begeisterung f\u00fcr das gemeinsame Musizieren. Das Ergebnis jahrelanger erfolgreicher Arbeit in den regionalen Bl\u00e4serklassen und der Musikschule B\u00f6nnigheims spiegelt sich hier wider. Seit 1990 steht das Orchester unter der bew\u00e4hrten Leitung von&hellip;","_links":{"self":[{"href":"https:\/\/xn--mv-bnnigheim-7ib.de\/new\/wp-json\/wp\/v2\/pages\/2511","targetHints":{"allow":["GET"]}}],"collection":[{"href":"https:\/\/xn--mv-bnnigheim-7ib.de\/new\/wp-json\/wp\/v2\/pages"}],"about":[{"href":"https:\/\/xn--mv-bnnigheim-7ib.de\/new\/wp-json\/wp\/v2\/types\/page"}],"author":[{"embeddable":true,"href":"https:\/\/xn--mv-bnnigheim-7ib.de\/new\/wp-json\/wp\/v2\/users\/1"}],"replies":[{"embeddable":true,"href":"https:\/\/xn--mv-bnnigheim-7ib.de\/new\/wp-json\/wp\/v2\/comments?post=2511"}],"version-history":[{"count":10,"href":"https:\/\/xn--mv-bnnigheim-7ib.de\/new\/wp-json\/wp\/v2\/pages\/2511\/revisions"}],"predecessor-version":[{"id":3125,"href":"https:\/\/xn--mv-bnnigheim-7ib.de\/new\/wp-json\/wp\/v2\/pages\/2511\/revisions\/3125"}],"wp:attachment":[{"href":"https:\/\/xn--mv-bnnigheim-7ib.de\/new\/wp-json\/wp\/v2\/media?parent=2511"}],"curies":[{"name":"wp","href":"https:\/\/api.w.org\/{rel}","templated":true}]}}