{"id":2502,"date":"2022-08-03T16:02:03","date_gmt":"2022-08-03T14:02:03","guid":{"rendered":"https:\/\/xn--mv-bnnigheim-7ib.de\/new\/?page_id=2502"},"modified":"2025-12-20T12:56:51","modified_gmt":"2025-12-20T11:56:51","slug":"schuelerorchester","status":"publish","type":"page","link":"https:\/\/xn--mv-bnnigheim-7ib.de\/new\/schuelerorchester\/","title":{"rendered":"Sch\u00fclerorchester"},"content":{"rendered":"\n<div class=\"wp-block-cover alignfull\" style=\"min-height:380px;aspect-ratio:unset;\"><span aria-hidden=\"true\" class=\"wp-block-cover__background has-black-background-color has-background-dim-100 has-background-dim\"><\/span><div class=\"wp-block-cover__inner-container is-layout-flow wp-block-cover-is-layout-flow\">\n<h1 class=\"wp-block-heading has-text-align-center has-ast-global-color-0-color has-text-color\" style=\"font-style:italic;font-weight:100\">Sch\u00fclerorchester<\/h1>\n<\/div><\/div>\n\n\n\n<div class=\"inherit-container-width wp-block-group alignfull has-white-background-color has-background is-layout-constrained wp-block-group-is-layout-constrained\"><div class=\"wp-block-group__inner-container\">\n<div style=\"height:50px\" aria-hidden=\"true\" class=\"wp-block-spacer\"><\/div>\n\n\n\n<div class=\"wp-block-columns is-layout-flex wp-container-core-columns-is-layout-28f84493 wp-block-columns-is-layout-flex\">\n<div class=\"wp-block-column is-layout-flow wp-block-column-is-layout-flow\" style=\"flex-basis:66.66%\">\n<p>Das Sch\u00fclerorchester (ehemals Anf\u00e4ngerorchester) besteht derzeit aus ca. 30 jungen Musikerinnen und Musikern, die entweder aus den umliegenden Bl\u00e4serklassen kommen oder frisch ein Instrument lernen. Das Orchester steht unter der Leitung von Musikschuldirektor Rainer Falk. Immer wieder werden kleine Konzerte gespielt oder an Wertungsspielen teilgenommen. Geprobt wird immer Freitags von 15:30 Uhr bis 16:30 Uhr in der Aula von Bau 4 des Schulzentrums B\u00f6nnigheim.<\/p>\n\n\n\n<p>Nach ein bis zwei Jahren k\u00f6nnen die Kinder in das&nbsp;<a href=\"https:\/\/xn--mv-bnnigheim-7ib.de\/new\/jugendorchester\/\">Jugendorchester<\/a>&nbsp;aufsteigen.<\/p>\n\n\n\n<p>Gemeinsam mit beiden Orchestern finden auch viele Freizeitaktivit\u00e4ten statt, wie Probewochenenden im Schullandheim, Sommerfeste oder verschiedene Ausfl\u00fcge.<\/p>\n\n\n\n<p>Zus\u00e4tzlich werden j\u00e4hrlich mehrere Lehrg\u00e4nge angeboten, um sich weiterzubilden und neue Erfahrungen zu sammeln.<\/p>\n<\/div>\n\n\n\n<div class=\"wp-block-column is-layout-flow wp-block-column-is-layout-flow\" style=\"flex-basis:33.33%\">\n<figure class=\"wp-block-image size-full is-resized\"><img loading=\"lazy\" decoding=\"async\" width=\"2371\" height=\"2560\" src=\"https:\/\/xn--mv-bnnigheim-7ib.de\/new\/wp-content\/uploads\/2024\/08\/DSC1-scaled.jpg\" alt=\"\" class=\"wp-image-2948\" style=\"width:322px;height:auto\" srcset=\"https:\/\/xn--mv-bnnigheim-7ib.de\/new\/wp-content\/uploads\/2024\/08\/DSC1-scaled.jpg 2371w, https:\/\/xn--mv-bnnigheim-7ib.de\/new\/wp-content\/uploads\/2024\/08\/DSC1-278x300.jpg 278w, https:\/\/xn--mv-bnnigheim-7ib.de\/new\/wp-content\/uploads\/2024\/08\/DSC1-949x1024.jpg 949w, https:\/\/xn--mv-bnnigheim-7ib.de\/new\/wp-content\/uploads\/2024\/08\/DSC1-768x829.jpg 768w, https:\/\/xn--mv-bnnigheim-7ib.de\/new\/wp-content\/uploads\/2024\/08\/DSC1-1423x1536.jpg 1423w, https:\/\/xn--mv-bnnigheim-7ib.de\/new\/wp-content\/uploads\/2024\/08\/DSC1-1897x2048.jpg 1897w\" sizes=\"auto, (max-width: 2371px) 100vw, 2371px\" \/><\/figure>\n<\/div>\n<\/div>\n\n\n\n<div style=\"height:100px\" aria-hidden=\"true\" class=\"wp-block-spacer\"><\/div>\n\n\n\n<div class=\"wp-block-buttons is-content-justification-center is-layout-flex wp-container-core-buttons-is-layout-a89b3969 wp-block-buttons-is-layout-flex\">\n<div class=\"wp-block-button uag-hide-desktop uag-hide-tab uag-hide-mob\"><a class=\"wp-block-button__link wp-element-button\" href=\"https:\/\/xn--mv-bnnigheim-7ib.de\/new\/downloads\/\">Anmeldung und Checkliste<br>Kaisersbach 2024<\/a><\/div>\n<\/div>\n\n\n\n<div style=\"height:100px\" aria-hidden=\"true\" class=\"wp-block-spacer\"><\/div>\n<\/div><\/div>\n\n\n\n<p><\/p>\n","protected":false},"excerpt":{"rendered":"<p>Das Sch\u00fclerorchester (ehemals Anf\u00e4ngerorchester) besteht derzeit aus ca. 30 jungen Musikerinnen und Musikern, die entweder aus den umliegenden Bl\u00e4serklassen kommen oder frisch ein Instrument lernen. Das Orchester steht unter der Leitung von Musikschuldirektor Rainer Falk. Immer wieder werden kleine Konzerte gespielt oder an Wertungsspielen teilgenommen. Geprobt wird immer Freitags von 15:30 Uhr bis 16:30 Uhr [&hellip;]<\/p>\n","protected":false},"author":1,"featured_media":0,"parent":0,"menu_order":0,"comment_status":"closed","ping_status":"closed","template":"","meta":{"_uag_custom_page_level_css":"","_monsterinsights_skip_tracking":false,"_monsterinsights_sitenote_active":false,"_monsterinsights_sitenote_note":"","_monsterinsights_sitenote_category":0,"site-sidebar-layout":"default","site-content-layout":"plain-container","ast-site-content-layout":"normal-width-container","site-content-style":"unboxed","site-sidebar-style":"unboxed","ast-global-header-display":"","ast-banner-title-visibility":"","ast-main-header-display":"","ast-hfb-above-header-display":"","ast-hfb-below-header-display":"","ast-hfb-mobile-header-display":"","site-post-title":"disabled","ast-breadcrumbs-content":"","ast-featured-img":"","footer-sml-layout":"","ast-disable-related-posts":"","theme-transparent-header-meta":"","adv-header-id-meta":"","stick-header-meta":"","header-above-stick-meta":"","header-main-stick-meta":"","header-below-stick-meta":"","astra-migrate-meta-layouts":"set","ast-page-background-enabled":"default","ast-page-background-meta":{"desktop":{"background-color":"","background-image":"","background-repeat":"repeat","background-position":"center center","background-size":"auto","background-attachment":"scroll","background-type":"","background-media":"","overlay-type":"","overlay-color":"","overlay-opacity":"","overlay-gradient":""},"tablet":{"background-color":"","background-image":"","background-repeat":"repeat","background-position":"center center","background-size":"auto","background-attachment":"scroll","background-type":"","background-media":"","overlay-type":"","overlay-color":"","overlay-opacity":"","overlay-gradient":""},"mobile":{"background-color":"","background-image":"","background-repeat":"repeat","background-position":"center center","background-size":"auto","background-attachment":"scroll","background-type":"","background-media":"","overlay-type":"","overlay-color":"","overlay-opacity":"","overlay-gradient":""}},"ast-content-background-meta":{"desktop":{"background-color":"var(--ast-global-color-5)","background-image":"","background-repeat":"repeat","background-position":"center center","background-size":"auto","background-attachment":"scroll","background-type":"","background-media":"","overlay-type":"","overlay-color":"","overlay-opacity":"","overlay-gradient":""},"tablet":{"background-color":"var(--ast-global-color-5)","background-image":"","background-repeat":"repeat","background-position":"center center","background-size":"auto","background-attachment":"scroll","background-type":"","background-media":"","overlay-type":"","overlay-color":"","overlay-opacity":"","overlay-gradient":""},"mobile":{"background-color":"var(--ast-global-color-5)","background-image":"","background-repeat":"repeat","background-position":"center center","background-size":"auto","background-attachment":"scroll","background-type":"","background-media":"","overlay-type":"","overlay-color":"","overlay-opacity":"","overlay-gradient":""}},"footnotes":""},"class_list":["post-2502","page","type-page","status-publish","hentry"],"uagb_featured_image_src":{"full":false,"thumbnail":false,"medium":false,"medium_large":false,"large":false,"thumblist":false,"meccarouselthumb":false,"gridsquare":false,"tileview":false,"1536x1536":false,"2048x2048":false,"ultp_layout_landscape_large":false,"ultp_layout_landscape":false,"ultp_layout_portrait":false,"ultp_layout_square":false},"uagb_author_info":{"display_name":"admin","author_link":"https:\/\/xn--mv-bnnigheim-7ib.de\/new\/author\/admin\/"},"uagb_comment_info":0,"uagb_excerpt":"Das Sch\u00fclerorchester (ehemals Anf\u00e4ngerorchester) besteht derzeit aus ca. 30 jungen Musikerinnen und Musikern, die entweder aus den umliegenden Bl\u00e4serklassen kommen oder frisch ein Instrument lernen. Das Orchester steht unter der Leitung von Musikschuldirektor Rainer Falk. Immer wieder werden kleine Konzerte gespielt oder an Wertungsspielen teilgenommen. Geprobt wird immer Freitags von 15:30 Uhr bis 16:30 Uhr&hellip;","_links":{"self":[{"href":"https:\/\/xn--mv-bnnigheim-7ib.de\/new\/wp-json\/wp\/v2\/pages\/2502","targetHints":{"allow":["GET"]}}],"collection":[{"href":"https:\/\/xn--mv-bnnigheim-7ib.de\/new\/wp-json\/wp\/v2\/pages"}],"about":[{"href":"https:\/\/xn--mv-bnnigheim-7ib.de\/new\/wp-json\/wp\/v2\/types\/page"}],"author":[{"embeddable":true,"href":"https:\/\/xn--mv-bnnigheim-7ib.de\/new\/wp-json\/wp\/v2\/users\/1"}],"replies":[{"embeddable":true,"href":"https:\/\/xn--mv-bnnigheim-7ib.de\/new\/wp-json\/wp\/v2\/comments?post=2502"}],"version-history":[{"count":13,"href":"https:\/\/xn--mv-bnnigheim-7ib.de\/new\/wp-json\/wp\/v2\/pages\/2502\/revisions"}],"predecessor-version":[{"id":3124,"href":"https:\/\/xn--mv-bnnigheim-7ib.de\/new\/wp-json\/wp\/v2\/pages\/2502\/revisions\/3124"}],"wp:attachment":[{"href":"https:\/\/xn--mv-bnnigheim-7ib.de\/new\/wp-json\/wp\/v2\/media?parent=2502"}],"curies":[{"name":"wp","href":"https:\/\/api.w.org\/{rel}","templated":true}]}}