{"id":2356,"date":"2022-03-01T20:57:00","date_gmt":"2022-03-01T19:57:00","guid":{"rendered":"https:\/\/xn--mv-bnnigheim-7ib.de\/new\/?page_id=2356"},"modified":"2025-12-20T12:56:14","modified_gmt":"2025-12-20T11:56:14","slug":"jugendorchester","status":"publish","type":"page","link":"https:\/\/xn--mv-bnnigheim-7ib.de\/new\/jugendorchester\/","title":{"rendered":"Jugendorchester"},"content":{"rendered":"\n<div class=\"wp-block-cover alignfull\" style=\"min-height:380px;aspect-ratio:unset;\"><span aria-hidden=\"true\" class=\"wp-block-cover__background has-ast-global-color-8-background-color has-background-dim-100 has-background-dim\"><\/span><div class=\"wp-block-cover__inner-container is-layout-flow wp-block-cover-is-layout-flow\">\n<h1 class=\"wp-block-heading has-text-align-center has-ast-global-color-0-color has-text-color\" style=\"font-style:italic;font-weight:100\">Jugendorchester<\/h1>\n<\/div><\/div>\n\n\n\n<div class=\"inherit-container-width wp-block-group alignfull has-ast-global-color-5-background-color has-background is-layout-constrained wp-block-group-is-layout-constrained\"><div class=\"wp-block-group__inner-container\">\n<div style=\"height:50px\" aria-hidden=\"true\" class=\"wp-block-spacer\"><\/div>\n\n\n\n<div class=\"wp-block-columns is-layout-flex wp-container-core-columns-is-layout-28f84493 wp-block-columns-is-layout-flex\">\n<div class=\"wp-block-column is-layout-flow wp-block-column-is-layout-flow\" style=\"flex-basis:66.66%\">\n<p>Im Jugendorchester spielen momentan etwa 35 Musikerinnen und Musiker zwischen 12 und 16 Jahren. Dirigiert wir das Orchester von Saskia Pasker, die sowohl moderne Hits als auch bekannte Klassiker in das Repertoire aufnimmt. Das Orchester hat \u00fcber das Jahr verteilt verschiedene Auftritte. Die Proben finden Freitags von 17:00 Uhr bis 18:15 in der Aula von Bau 4 statt.<\/p>\n\n\n\n<p>Gemeinsam mit beiden Orchestern finden auch viele Freizeitaktivit\u00e4ten statt, wie Probewochenenden im Schullandheim, Sommerfeste oder verschiedene Ausfl\u00fcge.<\/p>\n\n\n\n<p>Zus\u00e4tzlich werden j\u00e4hrlich mehrere Lehrg\u00e4nge angeboten, um sich weiterzubilden und neue Erfahrungen zu sammeln.<\/p>\n<\/div>\n\n\n\n<div class=\"wp-block-column is-layout-flow wp-block-column-is-layout-flow\" style=\"flex-basis:33.33%\">\n<figure class=\"wp-block-image size-large is-resized\"><img loading=\"lazy\" decoding=\"async\" width=\"1024\" height=\"683\" src=\"https:\/\/xn--mv-bnnigheim-7ib.de\/new\/wp-content\/uploads\/2024\/08\/DSC9299-1024x683.jpg\" alt=\"\" class=\"wp-image-2943\" style=\"width:405px;height:auto\" srcset=\"https:\/\/xn--mv-bnnigheim-7ib.de\/new\/wp-content\/uploads\/2024\/08\/DSC9299-1024x683.jpg 1024w, https:\/\/xn--mv-bnnigheim-7ib.de\/new\/wp-content\/uploads\/2024\/08\/DSC9299-300x200.jpg 300w, https:\/\/xn--mv-bnnigheim-7ib.de\/new\/wp-content\/uploads\/2024\/08\/DSC9299-768x512.jpg 768w, https:\/\/xn--mv-bnnigheim-7ib.de\/new\/wp-content\/uploads\/2024\/08\/DSC9299-391x260.jpg 391w, https:\/\/xn--mv-bnnigheim-7ib.de\/new\/wp-content\/uploads\/2024\/08\/DSC9299-1536x1024.jpg 1536w, https:\/\/xn--mv-bnnigheim-7ib.de\/new\/wp-content\/uploads\/2024\/08\/DSC9299-2048x1365.jpg 2048w, https:\/\/xn--mv-bnnigheim-7ib.de\/new\/wp-content\/uploads\/2024\/08\/DSC9299-1200x800.jpg 1200w\" sizes=\"auto, (max-width: 1024px) 100vw, 1024px\" \/><\/figure>\n<\/div>\n<\/div>\n\n\n\n<div style=\"height:100px\" aria-hidden=\"true\" class=\"wp-block-spacer\"><\/div>\n\n\n\n<div class=\"wp-block-buttons is-content-justification-center is-layout-flex wp-container-core-buttons-is-layout-a89b3969 wp-block-buttons-is-layout-flex\">\n<div class=\"wp-block-button is-style-fill uag-hide-desktop uag-hide-tab uag-hide-mob\"><a class=\"wp-block-button__link has-ast-global-color-5-color has-text-color wp-element-button\" href=\"https:\/\/xn--mv-bnnigheim-7ib.de\/new\/downloads\/\">Anmeldung und Checkliste <br>Kaisersbach 2024<\/a><\/div>\n<\/div>\n\n\n\n<div style=\"height:100px\" aria-hidden=\"true\" class=\"wp-block-spacer\"><\/div>\n<\/div><\/div>\n\n\n\n<p><\/p>\n","protected":false},"excerpt":{"rendered":"<p>Im Jugendorchester spielen momentan etwa 35 Musikerinnen und Musiker zwischen 12 und 16 Jahren. Dirigiert wir das Orchester von Saskia Pasker, die sowohl moderne Hits als auch bekannte Klassiker in das Repertoire aufnimmt. Das Orchester hat \u00fcber das Jahr verteilt verschiedene Auftritte. Die Proben finden Freitags von 17:00 Uhr bis 18:15 in der Aula von [&hellip;]<\/p>\n","protected":false},"author":1,"featured_media":0,"parent":0,"menu_order":0,"comment_status":"closed","ping_status":"closed","template":"","meta":{"_uag_custom_page_level_css":"","_monsterinsights_skip_tracking":false,"_monsterinsights_sitenote_active":false,"_monsterinsights_sitenote_note":"","_monsterinsights_sitenote_category":0,"site-sidebar-layout":"default","site-content-layout":"plain-container","ast-site-content-layout":"normal-width-container","site-content-style":"unboxed","site-sidebar-style":"unboxed","ast-global-header-display":"","ast-banner-title-visibility":"","ast-main-header-display":"","ast-hfb-above-header-display":"","ast-hfb-below-header-display":"","ast-hfb-mobile-header-display":"","site-post-title":"disabled","ast-breadcrumbs-content":"disabled","ast-featured-img":"disabled","footer-sml-layout":"","ast-disable-related-posts":"","theme-transparent-header-meta":"","adv-header-id-meta":"","stick-header-meta":"","header-above-stick-meta":"","header-main-stick-meta":"","header-below-stick-meta":"","astra-migrate-meta-layouts":"set","ast-page-background-enabled":"default","ast-page-background-meta":{"desktop":{"background-color":"","background-image":"","background-repeat":"repeat","background-position":"center center","background-size":"auto","background-attachment":"scroll","background-type":"","background-media":"","overlay-type":"","overlay-color":"","overlay-opacity":"","overlay-gradient":""},"tablet":{"background-color":"","background-image":"","background-repeat":"repeat","background-position":"center center","background-size":"auto","background-attachment":"scroll","background-type":"","background-media":"","overlay-type":"","overlay-color":"","overlay-opacity":"","overlay-gradient":""},"mobile":{"background-color":"","background-image":"","background-repeat":"repeat","background-position":"center center","background-size":"auto","background-attachment":"scroll","background-type":"","background-media":"","overlay-type":"","overlay-color":"","overlay-opacity":"","overlay-gradient":""}},"ast-content-background-meta":{"desktop":{"background-color":"var(--ast-global-color-5)","background-image":"","background-repeat":"repeat","background-position":"center center","background-size":"auto","background-attachment":"scroll","background-type":"","background-media":"","overlay-type":"","overlay-color":"","overlay-opacity":"","overlay-gradient":""},"tablet":{"background-color":"var(--ast-global-color-5)","background-image":"","background-repeat":"repeat","background-position":"center center","background-size":"auto","background-attachment":"scroll","background-type":"","background-media":"","overlay-type":"","overlay-color":"","overlay-opacity":"","overlay-gradient":""},"mobile":{"background-color":"var(--ast-global-color-5)","background-image":"","background-repeat":"repeat","background-position":"center center","background-size":"auto","background-attachment":"scroll","background-type":"","background-media":"","overlay-type":"","overlay-color":"","overlay-opacity":"","overlay-gradient":""}},"footnotes":""},"class_list":["post-2356","page","type-page","status-publish","hentry"],"uagb_featured_image_src":{"full":false,"thumbnail":false,"medium":false,"medium_large":false,"large":false,"thumblist":false,"meccarouselthumb":false,"gridsquare":false,"tileview":false,"1536x1536":false,"2048x2048":false,"ultp_layout_landscape_large":false,"ultp_layout_landscape":false,"ultp_layout_portrait":false,"ultp_layout_square":false},"uagb_author_info":{"display_name":"admin","author_link":"https:\/\/xn--mv-bnnigheim-7ib.de\/new\/author\/admin\/"},"uagb_comment_info":0,"uagb_excerpt":"Im Jugendorchester spielen momentan etwa 35 Musikerinnen und Musiker zwischen 12 und 16 Jahren. Dirigiert wir das Orchester von Saskia Pasker, die sowohl moderne Hits als auch bekannte Klassiker in das Repertoire aufnimmt. Das Orchester hat \u00fcber das Jahr verteilt verschiedene Auftritte. Die Proben finden Freitags von 17:00 Uhr bis 18:15 in der Aula von&hellip;","_links":{"self":[{"href":"https:\/\/xn--mv-bnnigheim-7ib.de\/new\/wp-json\/wp\/v2\/pages\/2356","targetHints":{"allow":["GET"]}}],"collection":[{"href":"https:\/\/xn--mv-bnnigheim-7ib.de\/new\/wp-json\/wp\/v2\/pages"}],"about":[{"href":"https:\/\/xn--mv-bnnigheim-7ib.de\/new\/wp-json\/wp\/v2\/types\/page"}],"author":[{"embeddable":true,"href":"https:\/\/xn--mv-bnnigheim-7ib.de\/new\/wp-json\/wp\/v2\/users\/1"}],"replies":[{"embeddable":true,"href":"https:\/\/xn--mv-bnnigheim-7ib.de\/new\/wp-json\/wp\/v2\/comments?post=2356"}],"version-history":[{"count":19,"href":"https:\/\/xn--mv-bnnigheim-7ib.de\/new\/wp-json\/wp\/v2\/pages\/2356\/revisions"}],"predecessor-version":[{"id":3123,"href":"https:\/\/xn--mv-bnnigheim-7ib.de\/new\/wp-json\/wp\/v2\/pages\/2356\/revisions\/3123"}],"wp:attachment":[{"href":"https:\/\/xn--mv-bnnigheim-7ib.de\/new\/wp-json\/wp\/v2\/media?parent=2356"}],"curies":[{"name":"wp","href":"https:\/\/api.w.org\/{rel}","templated":true}]}}