{"id":2242,"date":"2021-12-20T17:37:07","date_gmt":"2021-12-20T16:37:07","guid":{"rendered":"https:\/\/xn--mv-bnnigheim-7ib.de\/new\/?page_id=2242"},"modified":"2023-05-14T18:49:43","modified_gmt":"2023-05-14T16:49:43","slug":"spende","status":"publish","type":"page","link":"https:\/\/xn--mv-bnnigheim-7ib.de\/new\/spende\/","title":{"rendered":"Spende"},"content":{"rendered":"\n<div class=\"wp-block-cover alignfull\" style=\"min-height:380px;aspect-ratio:unset;\"><span aria-hidden=\"true\" class=\"wp-block-cover__background has-black-background-color has-background-dim-100 has-background-dim\"><\/span><div class=\"wp-block-cover__inner-container is-layout-flow wp-block-cover-is-layout-flow\">\n<h1 class=\"wp-block-heading has-text-align-center has-ast-global-color-0-color has-text-color\" id=\"spende\" style=\"font-style:italic;font-weight:100\">Spende<\/h1>\n<\/div><\/div>\n\n\n\n<div class=\"inherit-container-width wp-block-group alignfull has-ast-global-color-5-background-color has-background is-layout-constrained wp-block-group-is-layout-constrained\"><div class=\"wp-block-group__inner-container\">\n<div class=\"inherit-container-width wp-block-group alignwide is-layout-constrained wp-block-group-is-layout-constrained\"><div class=\"wp-block-group__inner-container\">\n<p>Der Musikverein Stadtkapelle B\u00f6nnigheim e.V. ist ein gemeinn\u00fctziger Verein. <br>Gern k\u00f6nnen Sie dem Musikverein eine Spende zukommen lassen.<\/p>\n\n\n\n<p>Die Spenden k\u00f6nnen beim Finanzamt geltend gemacht werden. <br>Hierzu gen\u00fcgt bei einem Betrag bis zu 300,00 \u20ac der \u00dcberweisungsbeleg.<\/p>\n\n\n\n<p>Bei Wunsch stellen wir gerne eine Spendenquittung aus (<a href=\"mailto:kassier@mv-boennigheim.de\">kassier@mv-boennigheim.de<\/a>).<\/p>\n\n\n\n<p>Die Bankverbindung lautet:&nbsp;&nbsp;&nbsp;IBAN DE50 6049 1430 0460 5160 27.&nbsp;&nbsp; VR-Bank Neckar-Enz eG<\/p>\n\n\n\n<p>Verwendungszweck:&nbsp;&nbsp;Spende allgemein<\/p>\n<\/div><\/div>\n\n\n\n<div style=\"height:50px\" aria-hidden=\"true\" class=\"wp-block-spacer\"><\/div>\n<\/div><\/div>\n","protected":false},"excerpt":{"rendered":"<p>Der Musikverein Stadtkapelle B\u00f6nnigheim e.V. ist ein gemeinn\u00fctziger Verein. Gern k\u00f6nnen Sie dem Musikverein eine Spende zukommen lassen. Die Spenden k\u00f6nnen beim Finanzamt geltend gemacht werden. Hierzu gen\u00fcgt bei einem Betrag bis zu 300,00 \u20ac der \u00dcberweisungsbeleg. Bei Wunsch stellen wir gerne eine Spendenquittung aus (kassier@mv-boennigheim.de). Die Bankverbindung lautet:&nbsp;&nbsp;&nbsp;IBAN DE50 6049 1430 0460 5160 27.&nbsp;&nbsp; [&hellip;]<\/p>\n","protected":false},"author":1,"featured_media":0,"parent":0,"menu_order":0,"comment_status":"closed","ping_status":"closed","template":"","meta":{"_uag_custom_page_level_css":"","_monsterinsights_skip_tracking":false,"_monsterinsights_sitenote_active":false,"_monsterinsights_sitenote_note":"","_monsterinsights_sitenote_category":0,"site-sidebar-layout":"","site-content-layout":"plain-container","ast-site-content-layout":"default","site-content-style":"default","site-sidebar-style":"default","ast-global-header-display":"","ast-banner-title-visibility":"","ast-main-header-display":"","ast-hfb-above-header-display":"","ast-hfb-below-header-display":"","ast-hfb-mobile-header-display":"","site-post-title":"disabled","ast-breadcrumbs-content":"disabled","ast-featured-img":"","footer-sml-layout":"","ast-disable-related-posts":"","theme-transparent-header-meta":"enabled","adv-header-id-meta":"","stick-header-meta":"","header-above-stick-meta":"","header-main-stick-meta":"","header-below-stick-meta":"","astra-migrate-meta-layouts":"default","ast-page-background-enabled":"default","ast-page-background-meta":{"desktop":{"background-color":"","background-image":"","background-repeat":"repeat","background-position":"center center","background-size":"auto","background-attachment":"scroll","background-type":"","background-media":"","overlay-type":"","overlay-color":"","overlay-opacity":"","overlay-gradient":""},"tablet":{"background-color":"","background-image":"","background-repeat":"repeat","background-position":"center center","background-size":"auto","background-attachment":"scroll","background-type":"","background-media":"","overlay-type":"","overlay-color":"","overlay-opacity":"","overlay-gradient":""},"mobile":{"background-color":"","background-image":"","background-repeat":"repeat","background-position":"center center","background-size":"auto","background-attachment":"scroll","background-type":"","background-media":"","overlay-type":"","overlay-color":"","overlay-opacity":"","overlay-gradient":""}},"ast-content-background-meta":{"desktop":{"background-color":"var(--ast-global-color-5)","background-image":"","background-repeat":"repeat","background-position":"center center","background-size":"auto","background-attachment":"scroll","background-type":"","background-media":"","overlay-type":"","overlay-color":"","overlay-opacity":"","overlay-gradient":""},"tablet":{"background-color":"var(--ast-global-color-5)","background-image":"","background-repeat":"repeat","background-position":"center center","background-size":"auto","background-attachment":"scroll","background-type":"","background-media":"","overlay-type":"","overlay-color":"","overlay-opacity":"","overlay-gradient":""},"mobile":{"background-color":"var(--ast-global-color-5)","background-image":"","background-repeat":"repeat","background-position":"center center","background-size":"auto","background-attachment":"scroll","background-type":"","background-media":"","overlay-type":"","overlay-color":"","overlay-opacity":"","overlay-gradient":""}},"footnotes":""},"class_list":["post-2242","page","type-page","status-publish","hentry"],"uagb_featured_image_src":{"full":false,"thumbnail":false,"medium":false,"medium_large":false,"large":false,"thumblist":false,"meccarouselthumb":false,"gridsquare":false,"tileview":false,"1536x1536":false,"2048x2048":false,"ultp_layout_landscape_large":false,"ultp_layout_landscape":false,"ultp_layout_portrait":false,"ultp_layout_square":false},"uagb_author_info":{"display_name":"admin","author_link":"https:\/\/xn--mv-bnnigheim-7ib.de\/new\/author\/admin\/"},"uagb_comment_info":0,"uagb_excerpt":"Der Musikverein Stadtkapelle B\u00f6nnigheim e.V. ist ein gemeinn\u00fctziger Verein. Gern k\u00f6nnen Sie dem Musikverein eine Spende zukommen lassen. Die Spenden k\u00f6nnen beim Finanzamt geltend gemacht werden. Hierzu gen\u00fcgt bei einem Betrag bis zu 300,00 \u20ac der \u00dcberweisungsbeleg. Bei Wunsch stellen wir gerne eine Spendenquittung aus (kassier@mv-boennigheim.de). Die Bankverbindung lautet:&nbsp;&nbsp;&nbsp;IBAN DE50 6049 1430 0460 5160 27.&nbsp;&nbsp;&hellip;","_links":{"self":[{"href":"https:\/\/xn--mv-bnnigheim-7ib.de\/new\/wp-json\/wp\/v2\/pages\/2242","targetHints":{"allow":["GET"]}}],"collection":[{"href":"https:\/\/xn--mv-bnnigheim-7ib.de\/new\/wp-json\/wp\/v2\/pages"}],"about":[{"href":"https:\/\/xn--mv-bnnigheim-7ib.de\/new\/wp-json\/wp\/v2\/types\/page"}],"author":[{"embeddable":true,"href":"https:\/\/xn--mv-bnnigheim-7ib.de\/new\/wp-json\/wp\/v2\/users\/1"}],"replies":[{"embeddable":true,"href":"https:\/\/xn--mv-bnnigheim-7ib.de\/new\/wp-json\/wp\/v2\/comments?post=2242"}],"version-history":[{"count":18,"href":"https:\/\/xn--mv-bnnigheim-7ib.de\/new\/wp-json\/wp\/v2\/pages\/2242\/revisions"}],"predecessor-version":[{"id":2662,"href":"https:\/\/xn--mv-bnnigheim-7ib.de\/new\/wp-json\/wp\/v2\/pages\/2242\/revisions\/2662"}],"wp:attachment":[{"href":"https:\/\/xn--mv-bnnigheim-7ib.de\/new\/wp-json\/wp\/v2\/media?parent=2242"}],"curies":[{"name":"wp","href":"https:\/\/api.w.org\/{rel}","templated":true}]}}