{"id":1393,"date":"2021-08-19T22:31:48","date_gmt":"2021-08-19T20:31:48","guid":{"rendered":"https:\/\/xn--mv-bnnigheim-7ib.de\/new\/?page_id=1393"},"modified":"2024-10-15T10:23:25","modified_gmt":"2024-10-15T08:23:25","slug":"impressum","status":"publish","type":"page","link":"https:\/\/xn--mv-bnnigheim-7ib.de\/new\/impressum\/","title":{"rendered":"Impressum"},"content":{"rendered":"\n<div class=\"wp-block-cover alignfull\"><span aria-hidden=\"true\" class=\"wp-block-cover__background has-black-background-color has-background-dim-100 has-background-dim\"><\/span><div class=\"wp-block-cover__inner-container is-layout-flow wp-block-cover-is-layout-flow\">\n<h1 class=\"wp-block-heading has-text-align-center has-ast-global-color-0-color has-text-color\">Impressum<\/h1>\n<\/div><\/div>\n\n\n\n<p><br><br><br><\/p>\n\n\n\n<p><strong>Musikverein Stadtkapelle B\u00f6nnigheim e. V.<\/strong><br>Karlstra\u00dfe 33<br>74357 B\u00f6nnigheim <br><br><\/p>\n\n\n\n<p><strong>Vertretungsberechtigt<\/strong><br><strong>1. Vorsitzende <\/strong><br>Ulrike Staudenrausch<br>Karlstra\u00dfe 33<br>74357 B\u00f6nnigheim<br> <br><strong>Telefon:<\/strong> (0 71 43) 87 14 44<br><strong>E-Mail:<\/strong> vorstand@mv-boennigheim.de <br><br><\/p>\n\n\n\n<p><strong>Registergericht<\/strong><br>Amtsgericht Besigheim<br><br><strong>Registernummer<br><\/strong>VR 152<br><br><\/p>\n\n\n\n<p><strong><strong>V.i.S.d \u00a7 55 Abs. 2 RStV<\/strong><\/strong><br>Ulrike Staudenrausch<br>Karlstra\u00dfe 33<br>74357 B\u00f6nnigheim <\/p>\n\n\n\n<p><br><\/p>\n\n\n\n<hr class=\"wp-block-separator has-text-color has-ast-global-color-0-color has-alpha-channel-opacity has-ast-global-color-0-background-color has-background is-style-default\"\/>\n\n\n\n<p><br><\/p>\n\n\n\n<p><strong>Social Media<\/strong><br>Dieses Impressum gilt auch f\u00fcr folgende Social-Media-Kan\u00e4le:<\/p>\n\n\n\n<ul class=\"wp-block-list\">\n<li>Facebook: https:\/\/www.facebook.com\/boennigheim.musikverein\/<\/li>\n\n\n\n<li>Instagram: https:\/\/www.instagram.com\/mvboennigheim\/<\/li>\n\n\n\n<li>YouTube: https:\/\/www.youtube.com\/channel\/UCDYI352XJhdZrVjYuvvzxJA<\/li>\n<\/ul>\n\n\n\n<p><br><\/p>\n\n\n\n<hr class=\"wp-block-separator has-text-color has-ast-global-color-0-color has-alpha-channel-opacity has-ast-global-color-0-background-color has-background is-style-default\"\/>\n\n\n\n<p><br><\/p>\n\n\n\n<p><strong>Design und Administration<\/strong><\/p>\n\n\n\n<p>Bei Lob, Kritik oder sonstigen Hinweisen zur Website:&nbsp;<\/p>\n\n\n\n<p>admin@mv-boennigheim.de<\/p>\n\n\n\n<p><br><br><br><br><br><br><br><br><br><br><br><br><br><br><br><br><br><\/p>\n","protected":false},"excerpt":{"rendered":"<p>Musikverein Stadtkapelle B\u00f6nnigheim e. V.Karlstra\u00dfe 3374357 B\u00f6nnigheim Vertretungsberechtigt1. Vorsitzende Ulrike StaudenrauschKarlstra\u00dfe 3374357 B\u00f6nnigheim Telefon: (0 71 43) 87 14 44E-Mail: vorstand@mv-boennigheim.de RegistergerichtAmtsgericht Besigheim RegisternummerVR 152 V.i.S.d \u00a7 55 Abs. 2 RStVUlrike StaudenrauschKarlstra\u00dfe 3374357 B\u00f6nnigheim Social MediaDieses Impressum gilt auch f\u00fcr folgende Social-Media-Kan\u00e4le: Design und Administration Bei Lob, Kritik oder sonstigen Hinweisen zur Website:&nbsp; admin@mv-boennigheim.de<\/p>\n","protected":false},"author":1,"featured_media":0,"parent":0,"menu_order":0,"comment_status":"closed","ping_status":"closed","template":"","meta":{"_uag_custom_page_level_css":"","_monsterinsights_skip_tracking":false,"_monsterinsights_sitenote_active":false,"_monsterinsights_sitenote_note":"","_monsterinsights_sitenote_category":0,"site-sidebar-layout":"default","site-content-layout":"plain-container","ast-site-content-layout":"normal-width-container","site-content-style":"unboxed","site-sidebar-style":"unboxed","ast-global-header-display":"","ast-banner-title-visibility":"","ast-main-header-display":"","ast-hfb-above-header-display":"","ast-hfb-below-header-display":"","ast-hfb-mobile-header-display":"","site-post-title":"disabled","ast-breadcrumbs-content":"disabled","ast-featured-img":"disabled","footer-sml-layout":"","ast-disable-related-posts":"","theme-transparent-header-meta":"enabled","adv-header-id-meta":"","stick-header-meta":"","header-above-stick-meta":"","header-main-stick-meta":"","header-below-stick-meta":"","astra-migrate-meta-layouts":"set","ast-page-background-enabled":"default","ast-page-background-meta":{"desktop":{"background-color":"","background-image":"","background-repeat":"repeat","background-position":"center center","background-size":"auto","background-attachment":"scroll","background-type":"","background-media":"","overlay-type":"","overlay-color":"","overlay-opacity":"","overlay-gradient":""},"tablet":{"background-color":"","background-image":"","background-repeat":"repeat","background-position":"center center","background-size":"auto","background-attachment":"scroll","background-type":"","background-media":"","overlay-type":"","overlay-color":"","overlay-opacity":"","overlay-gradient":""},"mobile":{"background-color":"","background-image":"","background-repeat":"repeat","background-position":"center center","background-size":"auto","background-attachment":"scroll","background-type":"","background-media":"","overlay-type":"","overlay-color":"","overlay-opacity":"","overlay-gradient":""}},"ast-content-background-meta":{"desktop":{"background-color":"var(--ast-global-color-5)","background-image":"","background-repeat":"repeat","background-position":"center center","background-size":"auto","background-attachment":"scroll","background-type":"","background-media":"","overlay-type":"","overlay-color":"","overlay-opacity":"","overlay-gradient":""},"tablet":{"background-color":"var(--ast-global-color-5)","background-image":"","background-repeat":"repeat","background-position":"center center","background-size":"auto","background-attachment":"scroll","background-type":"","background-media":"","overlay-type":"","overlay-color":"","overlay-opacity":"","overlay-gradient":""},"mobile":{"background-color":"var(--ast-global-color-5)","background-image":"","background-repeat":"repeat","background-position":"center center","background-size":"auto","background-attachment":"scroll","background-type":"","background-media":"","overlay-type":"","overlay-color":"","overlay-opacity":"","overlay-gradient":""}},"footnotes":""},"class_list":["post-1393","page","type-page","status-publish","hentry"],"uagb_featured_image_src":{"full":false,"thumbnail":false,"medium":false,"medium_large":false,"large":false,"thumblist":false,"meccarouselthumb":false,"gridsquare":false,"tileview":false,"1536x1536":false,"2048x2048":false,"ultp_layout_landscape_large":false,"ultp_layout_landscape":false,"ultp_layout_portrait":false,"ultp_layout_square":false},"uagb_author_info":{"display_name":"admin","author_link":"https:\/\/xn--mv-bnnigheim-7ib.de\/new\/author\/admin\/"},"uagb_comment_info":0,"uagb_excerpt":"Musikverein Stadtkapelle B\u00f6nnigheim e. V.Karlstra\u00dfe 3374357 B\u00f6nnigheim Vertretungsberechtigt1. Vorsitzende Ulrike StaudenrauschKarlstra\u00dfe 3374357 B\u00f6nnigheim Telefon: (0 71 43) 87 14 44E-Mail: vorstand@mv-boennigheim.de RegistergerichtAmtsgericht Besigheim RegisternummerVR 152 V.i.S.d \u00a7 55 Abs. 2 RStVUlrike StaudenrauschKarlstra\u00dfe 3374357 B\u00f6nnigheim Social MediaDieses Impressum gilt auch f\u00fcr folgende Social-Media-Kan\u00e4le: Design und Administration Bei Lob, Kritik oder sonstigen Hinweisen zur Website:&nbsp; admin@mv-boennigheim.de","_links":{"self":[{"href":"https:\/\/xn--mv-bnnigheim-7ib.de\/new\/wp-json\/wp\/v2\/pages\/1393","targetHints":{"allow":["GET"]}}],"collection":[{"href":"https:\/\/xn--mv-bnnigheim-7ib.de\/new\/wp-json\/wp\/v2\/pages"}],"about":[{"href":"https:\/\/xn--mv-bnnigheim-7ib.de\/new\/wp-json\/wp\/v2\/types\/page"}],"author":[{"embeddable":true,"href":"https:\/\/xn--mv-bnnigheim-7ib.de\/new\/wp-json\/wp\/v2\/users\/1"}],"replies":[{"embeddable":true,"href":"https:\/\/xn--mv-bnnigheim-7ib.de\/new\/wp-json\/wp\/v2\/comments?post=1393"}],"version-history":[{"count":26,"href":"https:\/\/xn--mv-bnnigheim-7ib.de\/new\/wp-json\/wp\/v2\/pages\/1393\/revisions"}],"predecessor-version":[{"id":3004,"href":"https:\/\/xn--mv-bnnigheim-7ib.de\/new\/wp-json\/wp\/v2\/pages\/1393\/revisions\/3004"}],"wp:attachment":[{"href":"https:\/\/xn--mv-bnnigheim-7ib.de\/new\/wp-json\/wp\/v2\/media?parent=1393"}],"curies":[{"name":"wp","href":"https:\/\/api.w.org\/{rel}","templated":true}]}}