{"id":1215,"date":"2021-04-12T05:26:35","date_gmt":"2021-04-12T05:26:35","guid":{"rendered":"https:\/\/xn--mv-bnnigheim-7ib.de\/new\/about-2\/"},"modified":"2025-12-20T12:54:22","modified_gmt":"2025-12-20T11:54:22","slug":"orchester","status":"publish","type":"page","link":"https:\/\/xn--mv-bnnigheim-7ib.de\/new\/orchester\/","title":{"rendered":"Orchester"},"content":{"rendered":"\n<div class=\"wp-block-cover alignfull\" style=\"min-height:380px;aspect-ratio:unset;\"><span aria-hidden=\"true\" class=\"wp-block-cover__background has-ast-global-color-8-background-color has-background-dim-100 has-background-dim\"><\/span><div class=\"wp-block-cover__inner-container is-layout-flow wp-block-cover-is-layout-flow\">\n<h1 class=\"wp-block-heading has-text-align-center has-ast-global-color-0-color has-text-color\" style=\"font-style:italic;font-weight:100\">Orchester<\/h1>\n\n\n\n<p class=\"has-text-align-center has-white-color has-text-color\">Das sind die Orchester des Musikvereins von B\u00f6nnigheim.<\/p>\n<\/div><\/div>\n\n\n\n<div class=\"inherit-container-width wp-block-group alignfull has-black-color has-text-color has-background is-layout-constrained wp-block-group-is-layout-constrained\" style=\"background:linear-gradient(180deg,rgb(255,255,255) 0%,rgb(248,248,248) 100%)\"><div class=\"wp-block-group__inner-container\">\n<div class=\"wp-block-columns is-layout-flex wp-container-core-columns-is-layout-28f84493 wp-block-columns-is-layout-flex\">\n<div class=\"wp-block-column is-vertically-aligned-center is-layout-flow wp-block-column-is-layout-flow\" style=\"flex-basis:33.33%\">\n<hr class=\"wp-block-separator has-text-color has-luminous-vivid-amber-color has-alpha-channel-opacity has-luminous-vivid-amber-background-color has-background\"\/>\n\n\n\n<p><\/p>\n\n\n\n<h3 class=\"wp-block-heading\"><a href=\"https:\/\/xn--mv-bnnigheim-7ib.de\/new\/stadtkapelle\/\" data-type=\"page\" data-id=\"1407\">Stadtkapelle<\/a><\/h3>\n\n\n\n<p><i class=\"wp-svg-calendar calendar\"><\/i> Jeden Freitag, 19:30 bis 21:30 Uhr<br><br><i class=\"wp-svg-location location\"><\/i> Schulzentrum B\u00f6nnigheim, Aula Bau IV<br><br><i class=\"wp-svg-user user\"><\/i> Dirigent: Rainer Falk<\/p>\n<\/div>\n\n\n\n<div class=\"wp-block-column is-layout-flow wp-block-column-is-layout-flow\" style=\"flex-basis:66.66%\">\n<figure class=\"wp-block-image\"><img loading=\"lazy\" decoding=\"async\" width=\"1157\" height=\"651\" src=\"https:\/\/xn--mv-bnnigheim-7ib.de\/new\/wp-content\/uploads\/2021\/09\/26170757_2036352483300657_1510004499435325300_o-1-edited.jpg\" alt=\"\" class=\"wp-image-2047\" srcset=\"https:\/\/xn--mv-bnnigheim-7ib.de\/new\/wp-content\/uploads\/2021\/09\/26170757_2036352483300657_1510004499435325300_o-1-edited.jpg 1157w, https:\/\/xn--mv-bnnigheim-7ib.de\/new\/wp-content\/uploads\/2021\/09\/26170757_2036352483300657_1510004499435325300_o-1-edited-300x169.jpg 300w, https:\/\/xn--mv-bnnigheim-7ib.de\/new\/wp-content\/uploads\/2021\/09\/26170757_2036352483300657_1510004499435325300_o-1-edited-1024x576.jpg 1024w, https:\/\/xn--mv-bnnigheim-7ib.de\/new\/wp-content\/uploads\/2021\/09\/26170757_2036352483300657_1510004499435325300_o-1-edited-768x432.jpg 768w\" sizes=\"auto, (max-width: 1157px) 100vw, 1157px\" \/><\/figure>\n<\/div>\n<\/div>\n\n\n\n<div style=\"height:10px\" aria-hidden=\"true\" class=\"wp-block-spacer\"><\/div>\n\n\n\n<div class=\"wp-block-columns has-black-color has-text-color is-layout-flex wp-container-core-columns-is-layout-28f84493 wp-block-columns-is-layout-flex\">\n<div class=\"wp-block-column is-vertically-aligned-center is-layout-flow wp-block-column-is-layout-flow\" style=\"flex-basis:33.33%\">\n<hr class=\"wp-block-separator has-text-color has-ast-global-color-0-color has-alpha-channel-opacity has-ast-global-color-0-background-color has-background\"\/>\n\n\n\n<p><\/p>\n\n\n\n<h3 class=\"wp-block-heading\"><a href=\"https:\/\/xn--mv-bnnigheim-7ib.de\/new\/jugendorchester\/\" data-type=\"page\" data-id=\"1409\">Jugendorchester<\/a><\/h3>\n\n\n\n<p><i class=\"wp-svg-calendar calendar\"><\/i> Jeden Freitag, 17:00 bis 18:15 Uhr<br><br><i class=\"wp-svg-location location\"><\/i> Schulzentrum B\u00f6nnigheim, Aula Bau IV<br><br><i class=\"wp-svg-user user\"><\/i> Dirigentin: Saskia Pasker<\/p>\n<\/div>\n\n\n\n<div class=\"wp-block-column is-layout-flow wp-block-column-is-layout-flow\" style=\"flex-basis:66.66%\">\n<figure class=\"wp-block-image size-large\"><img loading=\"lazy\" decoding=\"async\" width=\"1024\" height=\"512\" src=\"https:\/\/xn--mv-bnnigheim-7ib.de\/new\/wp-content\/uploads\/2022\/05\/Jugendkonzert-10-1-1024x512.jpg\" alt=\"\" class=\"wp-image-2415\" srcset=\"https:\/\/xn--mv-bnnigheim-7ib.de\/new\/wp-content\/uploads\/2022\/05\/Jugendkonzert-10-1-1024x512.jpg 1024w, https:\/\/xn--mv-bnnigheim-7ib.de\/new\/wp-content\/uploads\/2022\/05\/Jugendkonzert-10-1-300x150.jpg 300w, https:\/\/xn--mv-bnnigheim-7ib.de\/new\/wp-content\/uploads\/2022\/05\/Jugendkonzert-10-1-768x384.jpg 768w, https:\/\/xn--mv-bnnigheim-7ib.de\/new\/wp-content\/uploads\/2022\/05\/Jugendkonzert-10-1-1536x768.jpg 1536w, https:\/\/xn--mv-bnnigheim-7ib.de\/new\/wp-content\/uploads\/2022\/05\/Jugendkonzert-10-1-2048x1024.jpg 2048w\" sizes=\"auto, (max-width: 1024px) 100vw, 1024px\" \/><\/figure>\n<\/div>\n<\/div>\n\n\n\n<div style=\"height:10px\" aria-hidden=\"true\" class=\"wp-block-spacer\"><\/div>\n\n\n\n<div class=\"wp-block-columns has-black-color has-text-color is-layout-flex wp-container-core-columns-is-layout-28f84493 wp-block-columns-is-layout-flex\">\n<div class=\"wp-block-column is-vertically-aligned-center is-layout-flow wp-block-column-is-layout-flow\" style=\"flex-basis:33.33%\">\n<hr class=\"wp-block-separator has-text-color has-ast-global-color-0-color has-alpha-channel-opacity has-ast-global-color-0-background-color has-background\"\/>\n\n\n\n<p><\/p>\n\n\n\n<h3 class=\"wp-block-heading\"><a href=\"https:\/\/xn--mv-bnnigheim-7ib.de\/new\/schuelerorchester\/\" data-type=\"link\" data-id=\"https:\/\/xn--mv-bnnigheim-7ib.de\/new\/schuelerorchester\/\">Sch\u00fclerorchester<\/a><\/h3>\n\n\n\n<p><i class=\"wp-svg-calendar calendar\"><\/i> Jeden Freitag, 15:30 bis 16:30 Uhr<br><br><i class=\"wp-svg-location location\"><\/i> Schulzentrum B\u00f6nnigheim, Aula Bau IV<br><br><i class=\"wp-svg-user user\"><\/i> Dirigent: Rainer Falk<\/p>\n\n\n\n<p><\/p>\n\n\n\n<p><\/p>\n<\/div>\n\n\n\n<div class=\"wp-block-column is-layout-flow wp-block-column-is-layout-flow\" style=\"flex-basis:66.66%\">\n<figure class=\"wp-block-image size-large\"><img loading=\"lazy\" decoding=\"async\" width=\"1024\" height=\"512\" src=\"https:\/\/xn--mv-bnnigheim-7ib.de\/new\/wp-content\/uploads\/2022\/05\/Jugendkonzert-1-1024x512.jpg\" alt=\"\" class=\"wp-image-2416\" srcset=\"https:\/\/xn--mv-bnnigheim-7ib.de\/new\/wp-content\/uploads\/2022\/05\/Jugendkonzert-1-1024x512.jpg 1024w, https:\/\/xn--mv-bnnigheim-7ib.de\/new\/wp-content\/uploads\/2022\/05\/Jugendkonzert-1-300x150.jpg 300w, https:\/\/xn--mv-bnnigheim-7ib.de\/new\/wp-content\/uploads\/2022\/05\/Jugendkonzert-1-768x384.jpg 768w, https:\/\/xn--mv-bnnigheim-7ib.de\/new\/wp-content\/uploads\/2022\/05\/Jugendkonzert-1-1536x768.jpg 1536w, https:\/\/xn--mv-bnnigheim-7ib.de\/new\/wp-content\/uploads\/2022\/05\/Jugendkonzert-1-2048x1024.jpg 2048w\" sizes=\"auto, (max-width: 1024px) 100vw, 1024px\" \/><\/figure>\n<\/div>\n<\/div>\n\n\n\n<p><\/p>\n<\/div><\/div>\n\n\n\n<div class=\"inherit-container-width wp-block-group alignfull has-black-color has-text-color has-background is-layout-constrained wp-block-group-is-layout-constrained\" style=\"background-color:#fff0e0\"><div class=\"wp-block-group__inner-container\">\n<div class=\"wp-block-columns is-layout-flex wp-container-core-columns-is-layout-28f84493 wp-block-columns-is-layout-flex\">\n<div class=\"wp-block-column is-layout-flow wp-block-column-is-layout-flow\" style=\"flex-basis:33.33%\">\n<div class=\"inherit-container-width wp-block-group has-black-color has-text-color is-layout-constrained wp-block-group-is-layout-constrained\"><div class=\"wp-block-group__inner-container\">\n<h2 class=\"wp-block-heading has-black-color has-text-color\">Sie wollen mitspielen?<\/h2>\n\n\n\n<p class=\"has-black-color has-text-color\">Jetzt anfragen.<\/p>\n<\/div><\/div>\n<\/div>\n\n\n\n<div class=\"wp-block-column is-layout-flow wp-block-column-is-layout-flow\" style=\"flex-basis:66.66%\">\n<div class=\"inherit-container-width wp-block-group has-black-color has-text-color is-layout-constrained wp-block-group-is-layout-constrained\"><div class=\"wp-block-group__inner-container\">\n<h3 class=\"wp-block-heading has-black-color has-text-color\">Einfach Formular ausf\u00fcllen.<\/h3>\n\n\n\n<ul class=\"wp-block-list has-black-color has-text-color\">\n<li>PDF-Beitrittserkl\u00e4rung<\/li>\n<\/ul>\n\n\n\n<div class=\"wp-block-buttons is-layout-flex wp-block-buttons-is-layout-flex\">\n<div class=\"wp-block-button\"><a class=\"wp-block-button__link wp-element-button\" href=\"https:\/\/xn--mv-bnnigheim-7ib.de\/new\/wp-content\/uploads\/2022\/01\/Beitrittserklaerung-2022.pdf\" target=\"_blank\" rel=\"noreferrer noopener\">Formular<\/a><\/div>\n<\/div>\n<\/div><\/div>\n<\/div>\n<\/div>\n<\/div><\/div>\n\n\n\n<p><\/p>\n","protected":false},"excerpt":{"rendered":"<p>Stadtkapelle Jeden Freitag, 19:30 bis 21:30 Uhr Schulzentrum B\u00f6nnigheim, Aula Bau IV Dirigent: Rainer Falk Jugendorchester Jeden Freitag, 17:00 bis 18:15 Uhr Schulzentrum B\u00f6nnigheim, Aula Bau IV Dirigentin: Saskia Pasker Sch\u00fclerorchester Jeden Freitag, 15:30 bis 16:30 Uhr Schulzentrum B\u00f6nnigheim, Aula Bau IV Dirigent: Rainer Falk Sie wollen mitspielen? Jetzt anfragen. Einfach Formular ausf\u00fcllen.<\/p>\n","protected":false},"author":1,"featured_media":0,"parent":0,"menu_order":0,"comment_status":"closed","ping_status":"closed","template":"","meta":{"_uag_custom_page_level_css":"","_monsterinsights_skip_tracking":false,"_monsterinsights_sitenote_active":false,"_monsterinsights_sitenote_note":"","_monsterinsights_sitenote_category":0,"site-sidebar-layout":"no-sidebar","site-content-layout":"plain-container","ast-site-content-layout":"normal-width-container","site-content-style":"unboxed","site-sidebar-style":"unboxed","ast-global-header-display":"","ast-banner-title-visibility":"","ast-main-header-display":"","ast-hfb-above-header-display":"","ast-hfb-below-header-display":"","ast-hfb-mobile-header-display":"","site-post-title":"disabled","ast-breadcrumbs-content":"disabled","ast-featured-img":"disabled","footer-sml-layout":"","ast-disable-related-posts":"","theme-transparent-header-meta":"enabled","adv-header-id-meta":"","stick-header-meta":"","header-above-stick-meta":"","header-main-stick-meta":"","header-below-stick-meta":"","astra-migrate-meta-layouts":"set","ast-page-background-enabled":"default","ast-page-background-meta":{"desktop":{"background-color":"","background-image":"","background-repeat":"repeat","background-position":"center center","background-size":"auto","background-attachment":"scroll","background-type":"","background-media":"","overlay-type":"","overlay-color":"","overlay-opacity":"","overlay-gradient":""},"tablet":{"background-color":"","background-image":"","background-repeat":"repeat","background-position":"center center","background-size":"auto","background-attachment":"scroll","background-type":"","background-media":"","overlay-type":"","overlay-color":"","overlay-opacity":"","overlay-gradient":""},"mobile":{"background-color":"","background-image":"","background-repeat":"repeat","background-position":"center center","background-size":"auto","background-attachment":"scroll","background-type":"","background-media":"","overlay-type":"","overlay-color":"","overlay-opacity":"","overlay-gradient":""}},"ast-content-background-meta":{"desktop":{"background-color":"var(--ast-global-color-5)","background-image":"","background-repeat":"repeat","background-position":"center center","background-size":"auto","background-attachment":"scroll","background-type":"","background-media":"","overlay-type":"","overlay-color":"","overlay-opacity":"","overlay-gradient":""},"tablet":{"background-color":"var(--ast-global-color-5)","background-image":"","background-repeat":"repeat","background-position":"center center","background-size":"auto","background-attachment":"scroll","background-type":"","background-media":"","overlay-type":"","overlay-color":"","overlay-opacity":"","overlay-gradient":""},"mobile":{"background-color":"var(--ast-global-color-5)","background-image":"","background-repeat":"repeat","background-position":"center center","background-size":"auto","background-attachment":"scroll","background-type":"","background-media":"","overlay-type":"","overlay-color":"","overlay-opacity":"","overlay-gradient":""}},"footnotes":""},"class_list":["post-1215","page","type-page","status-publish","hentry"],"uagb_featured_image_src":{"full":false,"thumbnail":false,"medium":false,"medium_large":false,"large":false,"thumblist":false,"meccarouselthumb":false,"gridsquare":false,"tileview":false,"1536x1536":false,"2048x2048":false,"ultp_layout_landscape_large":false,"ultp_layout_landscape":false,"ultp_layout_portrait":false,"ultp_layout_square":false},"uagb_author_info":{"display_name":"admin","author_link":"https:\/\/xn--mv-bnnigheim-7ib.de\/new\/author\/admin\/"},"uagb_comment_info":0,"uagb_excerpt":"Stadtkapelle Jeden Freitag, 19:30 bis 21:30 Uhr Schulzentrum B\u00f6nnigheim, Aula Bau IV Dirigent: Rainer Falk Jugendorchester Jeden Freitag, 17:00 bis 18:15 Uhr Schulzentrum B\u00f6nnigheim, Aula Bau IV Dirigentin: Saskia Pasker Sch\u00fclerorchester Jeden Freitag, 15:30 bis 16:30 Uhr Schulzentrum B\u00f6nnigheim, Aula Bau IV Dirigent: Rainer Falk Sie wollen mitspielen? Jetzt anfragen. Einfach Formular ausf\u00fcllen.","_links":{"self":[{"href":"https:\/\/xn--mv-bnnigheim-7ib.de\/new\/wp-json\/wp\/v2\/pages\/1215","targetHints":{"allow":["GET"]}}],"collection":[{"href":"https:\/\/xn--mv-bnnigheim-7ib.de\/new\/wp-json\/wp\/v2\/pages"}],"about":[{"href":"https:\/\/xn--mv-bnnigheim-7ib.de\/new\/wp-json\/wp\/v2\/types\/page"}],"author":[{"embeddable":true,"href":"https:\/\/xn--mv-bnnigheim-7ib.de\/new\/wp-json\/wp\/v2\/users\/1"}],"replies":[{"embeddable":true,"href":"https:\/\/xn--mv-bnnigheim-7ib.de\/new\/wp-json\/wp\/v2\/comments?post=1215"}],"version-history":[{"count":57,"href":"https:\/\/xn--mv-bnnigheim-7ib.de\/new\/wp-json\/wp\/v2\/pages\/1215\/revisions"}],"predecessor-version":[{"id":3122,"href":"https:\/\/xn--mv-bnnigheim-7ib.de\/new\/wp-json\/wp\/v2\/pages\/1215\/revisions\/3122"}],"wp:attachment":[{"href":"https:\/\/xn--mv-bnnigheim-7ib.de\/new\/wp-json\/wp\/v2\/media?parent=1215"}],"curies":[{"name":"wp","href":"https:\/\/api.w.org\/{rel}","templated":true}]}}